{"id":60,"date":"2014-10-06T19:25:59","date_gmt":"2014-10-06T19:25:59","guid":{"rendered":"http:\/\/www.afntransportes.com.br\/?page_id=60"},"modified":"2014-10-06T19:29:17","modified_gmt":"2014-10-06T19:29:17","slug":"mudanca-comercial","status":"publish","type":"page","link":"https:\/\/www.afntransportes.com.br\/?page_id=60","title":{"rendered":"Mudan\u00e7a Comercial"},"content":{"rendered":"<div role=\"form\" class=\"wpcf7\" id=\"wpcf7-f38-o1\" lang=\"pt-BR\" dir=\"ltr\">\n<div class=\"screen-reader-response\" role=\"alert\" aria-live=\"polite\"><\/div>\n<form action=\"\/index.php?rest_route=%2Fwp%2Fv2%2Fpages%2F60#wpcf7-f38-o1\" method=\"post\" class=\"wpcf7-form init\" novalidate=\"novalidate\">\n<div style=\"display: none;\">\n<input type=\"hidden\" name=\"_wpcf7\" value=\"38\" \/>\n<input type=\"hidden\" name=\"_wpcf7_version\" value=\"5.2.1\" \/>\n<input type=\"hidden\" name=\"_wpcf7_locale\" value=\"pt_BR\" \/>\n<input type=\"hidden\" name=\"_wpcf7_unit_tag\" value=\"wpcf7-f38-o1\" \/>\n<input type=\"hidden\" name=\"_wpcf7_container_post\" value=\"0\" \/>\n<input type=\"hidden\" name=\"_wpcf7_posted_data_hash\" value=\"\" \/>\n<\/div>\n<p>Fa\u00e7a o seu or\u00e7amento On-line:<\/p>\n<p>Para que possamos encaminhar uma resposta satisfat\u00f3ria, preencha o formul\u00e1rio abaixo com as informa\u00e7\u00f5es necess\u00e1rias, atento aos campos obrigat\u00f3rios(*):<\/p>\n<p>Empresa (obrigat\u00f3rio) <span class=\"wpcf7-form-control-wrap your-name\"><input type=\"text\" name=\"your-name\" value=\"\" size=\"40\" class=\"wpcf7-form-control wpcf7-text wpcf7-validates-as-required\" aria-required=\"true\" aria-invalid=\"false\" \/><\/span>   <\/p>\n<table>\n<tr>\n<td>Retirada:<span class=\"wpcf7-form-control-wrap text-187\"><input type=\"text\" name=\"text-187\" value=\"\" size=\"40\" class=\"wpcf7-form-control wpcf7-text\" aria-invalid=\"false\" \/><\/span><\/td>\n<td>Cidade \/ UF:<span class=\"wpcf7-form-control-wrap text-567\"><input type=\"text\" name=\"text-567\" value=\"\" size=\"40\" class=\"wpcf7-form-control wpcf7-text\" aria-invalid=\"false\" \/><\/span><\/td>\n<td>Numero:<span class=\"wpcf7-form-control-wrap text-98\"><input type=\"text\" name=\"text-98\" value=\"\" size=\"40\" class=\"wpcf7-form-control wpcf7-text\" aria-invalid=\"false\" \/><\/span><\/td>\n<td>Complemento:<span class=\"wpcf7-form-control-wrap text-523\"><input type=\"text\" name=\"text-523\" value=\"\" size=\"40\" class=\"wpcf7-form-control wpcf7-text\" aria-invalid=\"false\" \/><\/span><\/td>\n<\/tr>\n<tr>\n<td>Entrega:<span class=\"wpcf7-form-control-wrap text-377\"><input type=\"text\" name=\"text-377\" value=\"\" size=\"40\" class=\"wpcf7-form-control wpcf7-text\" aria-invalid=\"false\" \/><\/span><\/td>\n<td>Cidade \/ UF:<span class=\"wpcf7-form-control-wrap text-17\"><input type=\"text\" name=\"text-17\" value=\"\" size=\"40\" class=\"wpcf7-form-control wpcf7-text\" aria-invalid=\"false\" \/><\/span><\/td>\n<td>Numero:<span class=\"wpcf7-form-control-wrap text-752\"><input type=\"text\" name=\"text-752\" value=\"\" size=\"40\" class=\"wpcf7-form-control wpcf7-text\" aria-invalid=\"false\" \/><\/span><\/td>\n<td>Complemento:<span class=\"wpcf7-form-control-wrap text-270\"><input type=\"text\" name=\"text-270\" value=\"\" size=\"40\" class=\"wpcf7-form-control wpcf7-text\" aria-invalid=\"false\" \/><\/span><\/td>\n<\/tr>\n<tr>\n<td>Outros locais de retirada ou entrega:<span class=\"wpcf7-form-control-wrap text-180\"><input type=\"text\" name=\"text-180\" value=\"\" size=\"40\" class=\"wpcf7-form-control wpcf7-text\" aria-invalid=\"false\" \/><\/span><\/td>\n<td>Cidade \/ UF:<span class=\"wpcf7-form-control-wrap text-379\"><input type=\"text\" name=\"text-379\" value=\"\" size=\"40\" class=\"wpcf7-form-control wpcf7-text\" aria-invalid=\"false\" \/><\/span><\/td>\n<td>Numero:<span class=\"wpcf7-form-control-wrap text-544\"><input type=\"text\" name=\"text-544\" value=\"\" size=\"40\" class=\"wpcf7-form-control wpcf7-text\" aria-invalid=\"false\" \/><\/span><\/td>\n<td>Complemento:<span class=\"wpcf7-form-control-wrap text-800\"><input type=\"text\" name=\"text-800\" value=\"\" size=\"40\" class=\"wpcf7-form-control wpcf7-text\" aria-invalid=\"false\" \/><\/span><\/td>\n<\/tr>\n<tr>\n<td>Tel Comercial (obrigat\u00f3rio):<span class=\"wpcf7-form-control-wrap tel-548\"><input type=\"tel\" name=\"tel-548\" value=\"\" size=\"40\" class=\"wpcf7-form-control wpcf7-text wpcf7-tel wpcf7-validates-as-required wpcf7-validates-as-tel\" aria-required=\"true\" aria-invalid=\"false\" \/><\/span><\/td>\n<td>Fax:<span class=\"wpcf7-form-control-wrap tel-171\"><input type=\"tel\" name=\"tel-171\" value=\"\" size=\"40\" class=\"wpcf7-form-control wpcf7-text wpcf7-tel wpcf7-validates-as-tel\" aria-invalid=\"false\" \/><\/span><\/td>\n<td>Email (obrigat\u00f3rio):<span class=\"wpcf7-form-control-wrap email-344\"><input type=\"email\" name=\"email-344\" value=\"\" size=\"40\" class=\"wpcf7-form-control wpcf7-text wpcf7-email wpcf7-validates-as-required wpcf7-validates-as-email\" aria-required=\"true\" aria-invalid=\"false\" \/><\/span><\/td>\n<\/tr>\n<tr>\n<td>Previs\u00e3o de data:<span class=\"wpcf7-form-control-wrap text-466\"><input type=\"text\" name=\"text-466\" value=\"\" size=\"40\" class=\"wpcf7-form-control wpcf7-text\" aria-invalid=\"false\" \/><\/span><\/td>\n<td>&nbsp<\/td>\n<td>&nbsp<\/td>\n<\/tr>\n<tr>\n<td>Onde conheceu a AFN trasportes:<span class=\"wpcf7-form-control-wrap menu-220\"><select name=\"menu-220\" class=\"wpcf7-form-control wpcf7-select\" aria-invalid=\"false\"><option value=\"\">---<\/option><option value=\"Yahoo\">Yahoo<\/option><option value=\"Globo.com\">Globo.com<\/option><option value=\"Google\">Google<\/option><option value=\"Paginas Amarelas\">Paginas Amarelas<\/option><option value=\"Amigos\">Amigos<\/option><option value=\"Ja sou cliente\">Ja sou cliente<\/option><option value=\"Outros\">Outros<\/option><\/select><\/span><\/td>\n<td>&nbsp<\/td>\n<td>&nbsp<\/td>\n<\/tr>\n<tr>\n<td>Se escolheu outros especifique:<\/td>\n<\/tr>\n<tr>\n<td>\n<span class=\"wpcf7-form-control-wrap textarea-306\"><textarea name=\"textarea-306\" cols=\"40\" rows=\"10\" class=\"wpcf7-form-control wpcf7-textarea\" aria-invalid=\"false\"><\/textarea><\/span>\n<\/td>\n<\/tr>\n<\/table>\n<p>Rela\u00e7\u00e3o de moveis para mudan\u00e7a comercial ( 1 para uma pe\u00e7a, 2 para duas, etc...)<\/p>\n<table>\n<tr>\n<td>Ar Condicionado<\/td>\n<td><span class=\"wpcf7-form-control-wrap number-766\"><input type=\"number\" name=\"number-766\" value=\"\" class=\"wpcf7-form-control wpcf7-number wpcf7-validates-as-number\" min=\"0\" max=\"100\" aria-invalid=\"false\" \/><\/span><\/td>\n<td>Arquivo<\/td>\n<td><span class=\"wpcf7-form-control-wrap number-705\"><input type=\"number\" name=\"number-705\" value=\"\" class=\"wpcf7-form-control wpcf7-number wpcf7-validates-as-number\" min=\"0\" max=\"100\" aria-invalid=\"false\" \/><\/span><\/td>\n<td>Cadeiras<\/td>\n<td> <span class=\"wpcf7-form-control-wrap number-567\"><input type=\"number\" name=\"number-567\" value=\"\" class=\"wpcf7-form-control wpcf7-number wpcf7-validates-as-number\" min=\"0\" max=\"100\" aria-invalid=\"false\" \/><\/span> <\/td>\n<\/tr>\n<tr>\n<td>Gaveteiro<\/td>\n<td><span class=\"wpcf7-form-control-wrap number-771\"><input type=\"number\" name=\"number-771\" value=\"\" class=\"wpcf7-form-control wpcf7-number wpcf7-validates-as-number\" min=\"0\" max=\"100\" aria-invalid=\"false\" \/><\/span><\/td>\n<td>Mesa de Escritorio<\/td>\n<td><span class=\"wpcf7-form-control-wrap number-127\"><input type=\"number\" name=\"number-127\" value=\"\" class=\"wpcf7-form-control wpcf7-number wpcf7-validates-as-number\" min=\"0\" max=\"100\" aria-invalid=\"false\" \/><\/span> <\/td>\n<td> Mesa p\/ Computador<\/td>\n<td><span class=\"wpcf7-form-control-wrap number-67\"><input type=\"number\" name=\"number-67\" value=\"\" class=\"wpcf7-form-control wpcf7-number wpcf7-validates-as-number\" min=\"0\" max=\"100\" aria-invalid=\"false\" \/><\/span><\/td>\n<\/tr>\n<tr>\n<td>Vasos<\/td>\n<td><span class=\"wpcf7-form-control-wrap number-24\"><input type=\"number\" name=\"number-24\" value=\"\" class=\"wpcf7-form-control wpcf7-number wpcf7-validates-as-number\" min=\"0\" max=\"100\" aria-invalid=\"false\" \/><\/span> <\/td>\n<td>  Armario de A\u00e7o<\/td>\n<td><span class=\"wpcf7-form-control-wrap number-166\"><input type=\"number\" name=\"number-166\" value=\"\" class=\"wpcf7-form-control wpcf7-number wpcf7-validates-as-number\" min=\"0\" max=\"100\" aria-invalid=\"false\" \/><\/span> <\/td>\n<td> Balc\u00e3o<\/td>\n<td><span class=\"wpcf7-form-control-wrap number-350\"><input type=\"number\" name=\"number-350\" value=\"\" class=\"wpcf7-form-control wpcf7-number wpcf7-validates-as-number\" min=\"0\" max=\"100\" aria-invalid=\"false\" \/><\/span><\/td>\n<\/tr>\n<tr>\n<td> Cofre <\/td>\n<td><span class=\"wpcf7-form-control-wrap number-611\"><input type=\"number\" name=\"number-611\" value=\"\" class=\"wpcf7-form-control wpcf7-number wpcf7-validates-as-number\" min=\"0\" max=\"100\" aria-invalid=\"false\" \/><\/span><\/td>\n<td> Mapoteca(mapas) <\/td>\n<td><span class=\"wpcf7-form-control-wrap number-569\"><input type=\"number\" name=\"number-569\" value=\"\" class=\"wpcf7-form-control wpcf7-number wpcf7-validates-as-number\" min=\"0\" max=\"100\" aria-invalid=\"false\" \/><\/span><\/td>\n<td> Mesa pequena <\/td>\n<td><span class=\"wpcf7-form-control-wrap number-40\"><input type=\"number\" name=\"number-40\" value=\"\" class=\"wpcf7-form-control wpcf7-number wpcf7-validates-as-number\" min=\"0\" max=\"100\" aria-invalid=\"false\" \/><\/span><\/td>\n<\/tr>\n<tr>\n<td>  MIcro Computador<\/td>\n<td><span class=\"wpcf7-form-control-wrap number-301\"><input type=\"number\" name=\"number-301\" value=\"\" class=\"wpcf7-form-control wpcf7-number wpcf7-validates-as-number\" min=\"0\" max=\"100\" aria-invalid=\"false\" \/><\/span><\/td>\n<td> Ventiladores<\/td>\n<td><span class=\"wpcf7-form-control-wrap number-935\"><input type=\"number\" name=\"number-935\" value=\"\" class=\"wpcf7-form-control wpcf7-number wpcf7-validates-as-number\" min=\"0\" max=\"100\" aria-invalid=\"false\" \/><\/span><\/td>\n<td> Armario de Escrit\u00f3rio<\/td>\n<td><span class=\"wpcf7-form-control-wrap number-755\"><input type=\"number\" name=\"number-755\" value=\"\" class=\"wpcf7-form-control wpcf7-number wpcf7-validates-as-number\" min=\"0\" max=\"100\" aria-invalid=\"false\" \/><\/span><\/td>\n<\/tr>\n<tr>\n<td> Bancada<\/td>\n<td><span class=\"wpcf7-form-control-wrap number-127\"><input type=\"number\" name=\"number-127\" value=\"\" class=\"wpcf7-form-control wpcf7-number wpcf7-validates-as-number\" min=\"0\" max=\"100\" aria-invalid=\"false\" \/><\/span><\/td>\n<td> Estante de Escrit\u00f3rio<\/td>\n<td><span class=\"wpcf7-form-control-wrap number-274\"><input type=\"number\" name=\"number-274\" value=\"\" class=\"wpcf7-form-control wpcf7-number wpcf7-validates-as-number\" min=\"0\" max=\"100\" aria-invalid=\"false\" \/><\/span><\/td>\n<td>Maquina de Xerox<\/td>\n<td><span class=\"wpcf7-form-control-wrap number-749\"><input type=\"number\" name=\"number-749\" value=\"\" class=\"wpcf7-form-control wpcf7-number wpcf7-validates-as-number\" min=\"0\" max=\"100\" aria-invalid=\"false\" \/><\/span> <\/td>\n<\/tr>\n<tr>\n<td>Mesa de Reuni\u00e3o<\/td>\n<td><span class=\"wpcf7-form-control-wrap number-740\"><input type=\"number\" name=\"number-740\" value=\"\" class=\"wpcf7-form-control wpcf7-number wpcf7-validates-as-number\" min=\"0\" max=\"100\" aria-invalid=\"false\" \/><\/span> <\/td>\n<td>Prancheta<\/td>\n<td><span class=\"wpcf7-form-control-wrap number-318\"><input type=\"number\" name=\"number-318\" value=\"\" class=\"wpcf7-form-control wpcf7-number wpcf7-validates-as-number\" min=\"0\" max=\"100\" aria-invalid=\"false\" \/><\/span> <\/td>\n<\/tr>\n<\/table>\n<table>\n<tr>\n<td>\nServi\u00e7os<\/td>\n<\/tr>\n<tr>\n<td>\nA embalagem dos utens\u00edlios, documentos, etc, ser\u00e1 feita:\n<\/td>\n<\/tr>\n<tr>\n<td>\n<span class=\"wpcf7-form-control-wrap menu-441\"><select name=\"menu-441\" class=\"wpcf7-form-control wpcf7-select\" aria-invalid=\"false\"><option value=\"Pela empresa no mesmo dia da mudan\u00e7a\">Pela empresa no mesmo dia da mudan\u00e7a<\/option><option value=\"Pela empresa um dia antes da mudan\u00e7a\">Pela empresa um dia antes da mudan\u00e7a<\/option><option value=\"Pelo proprio cliente\">Pelo proprio cliente<\/option><option value=\"Somente transporte de moveis, n\u00e3o ha miudezas para trasnportar\">Somente transporte de moveis, n\u00e3o ha miudezas para trasnportar<\/option><\/select><\/span>\n<\/td>\n<\/tr>\n<tr>\n<td>\nDesmontagem e montagem de movies?\n<\/td>\n<td><span class=\"wpcf7-form-control-wrap menu-577\"><select name=\"menu-577\" class=\"wpcf7-form-control wpcf7-select\" aria-invalid=\"false\"><option value=\"Sim\">Sim<\/option><option value=\"N\u00e3o\">N\u00e3o<\/option><\/select><\/span><\/td>\n<\/tr>\n<tr>\n<td>Alguma pe\u00e7a necessita de embalagem com plastico poli-bolha?<span class=\"wpcf7-form-control-wrap menu-559\"><select name=\"menu-559\" class=\"wpcf7-form-control wpcf7-select\" aria-invalid=\"false\"><option value=\"Sim\">Sim<\/option><option value=\"N\u00e3o\">N\u00e3o<\/option><\/select><\/span><\/td>\n<\/tr>\n<tr>\n<td>Qual?<span class=\"wpcf7-form-control-wrap text-495\"><input type=\"text\" name=\"text-495\" value=\"\" size=\"40\" class=\"wpcf7-form-control wpcf7-text\" aria-invalid=\"false\" \/><\/span><\/td>\n<\/tr>\n<tr>\n<td>Algum movel necessita de transporte por escada?<span class=\"wpcf7-form-control-wrap menu-518\"><select name=\"menu-518\" class=\"wpcf7-form-control wpcf7-select\" aria-invalid=\"false\"><option value=\"Sim\">Sim<\/option><option value=\"N\u00e3o\">N\u00e3o<\/option><\/select><\/span><\/td>\n<\/tr>\n<tr>\n<td>Qual?<span class=\"wpcf7-form-control-wrap text-505\"><input type=\"text\" name=\"text-505\" value=\"\" size=\"40\" class=\"wpcf7-form-control wpcf7-text\" aria-invalid=\"false\" \/><\/span><\/td>\n<\/tr>\n<tr>\n<td>Algum movel necessita de transporte por i\u00e7amento?<span class=\"wpcf7-form-control-wrap menu-251\"><select name=\"menu-251\" class=\"wpcf7-form-control wpcf7-select\" aria-invalid=\"false\"><option value=\"Sim\">Sim<\/option><option value=\"N\u00e3o\">N\u00e3o<\/option><\/select><\/span><\/td>\n<\/tr>\n<tr>\n<td>Qual?<span class=\"wpcf7-form-control-wrap text-340\"><input type=\"text\" name=\"text-340\" value=\"\" size=\"40\" class=\"wpcf7-form-control wpcf7-text\" aria-invalid=\"false\" \/><\/span><\/td>\n<\/tr>\n<tr>\n<td>Dia da semana preferido para mudan\u00e7a <span class=\"wpcf7-form-control-wrap menu-689\"><select name=\"menu-689\" class=\"wpcf7-form-control wpcf7-select\" aria-invalid=\"false\"><option value=\"\">---<\/option><option value=\"Qualquer dia\">Qualquer dia<\/option><option value=\"Segunda a Quinta\">Segunda a Quinta<\/option><option value=\"Sexta a Sabado\">Sexta a Sabado<\/option><option value=\"Domingo ou Feriado\">Domingo ou Feriado<\/option><\/select><\/span><\/td>\n<\/tr>\n<tr>\n<td>Forma de pagamento:<span class=\"wpcf7-form-control-wrap menu-295\"><select name=\"menu-295\" class=\"wpcf7-form-control wpcf7-select\" aria-invalid=\"false\"><option value=\"\">---<\/option><option value=\"A Combinar\">A Combinar<\/option><\/select><\/span><\/td>\n<\/tr>\n<tr>\n<td>Observa\u00e7\u00e3o:<span class=\"wpcf7-form-control-wrap textarea-730\"><textarea name=\"textarea-730\" cols=\"40\" rows=\"10\" class=\"wpcf7-form-control wpcf7-textarea\" aria-invalid=\"false\"><\/textarea><\/span><\/td>\n<\/tr>\n<\/table>\n<p><input type=\"submit\" value=\"Enviar\" class=\"wpcf7-form-control wpcf7-submit\" \/><\/p>\n<div class=\"wpcf7-response-output\" role=\"alert\" aria-hidden=\"true\"><\/div><\/form><\/div>\n","protected":false},"excerpt":{"rendered":"","protected":false},"author":1,"featured_media":0,"parent":0,"menu_order":0,"comment_status":"closed","ping_status":"closed","template":"page-full_width.php","meta":[],"_links":{"self":[{"href":"https:\/\/www.afntransportes.com.br\/index.php?rest_route=\/wp\/v2\/pages\/60"}],"collection":[{"href":"https:\/\/www.afntransportes.com.br\/index.php?rest_route=\/wp\/v2\/pages"}],"about":[{"href":"https:\/\/www.afntransportes.com.br\/index.php?rest_route=\/wp\/v2\/types\/page"}],"author":[{"embeddable":true,"href":"https:\/\/www.afntransportes.com.br\/index.php?rest_route=\/wp\/v2\/users\/1"}],"replies":[{"embeddable":true,"href":"https:\/\/www.afntransportes.com.br\/index.php?rest_route=%2Fwp%2Fv2%2Fcomments&post=60"}],"version-history":[{"count":2,"href":"https:\/\/www.afntransportes.com.br\/index.php?rest_route=\/wp\/v2\/pages\/60\/revisions"}],"predecessor-version":[{"id":275,"href":"https:\/\/www.afntransportes.com.br\/index.php?rest_route=\/wp\/v2\/pages\/60\/revisions\/275"}],"wp:attachment":[{"href":"https:\/\/www.afntransportes.com.br\/index.php?rest_route=%2Fwp%2Fv2%2Fmedia&parent=60"}],"curies":[{"name":"wp","href":"https:\/\/api.w.org\/{rel}","templated":true}]}}