{"id":13,"date":"2014-10-02T19:51:57","date_gmt":"2014-10-02T19:51:57","guid":{"rendered":"http:\/\/www.afntransportes.com.br\/?page_id=13"},"modified":"2014-10-24T15:53:59","modified_gmt":"2014-10-24T15:53:59","slug":"quem-somos","status":"publish","type":"page","link":"https:\/\/www.afntransportes.com.br\/?page_id=13","title":{"rendered":"Quem Somos"},"content":{"rendered":"<p><img loading=\"lazy\" class=\"aligncenter size-full wp-image-15\" src=\"http:\/\/www.afntransportes.com.br\/wp-content\/uploads\/2014\/10\/logo.png\" alt=\"logo\" width=\"273\" height=\"137\" \/><\/p>\n<h1 style=\"color: #000000; text-align: center;\"><span style=\"color: #000000;\"><strong>Mude com seguran\u00e7a e fique tranquilo com sua familia<\/strong><\/span><\/h1>\n<p>&nbsp;<\/p>\n<h2 style=\"text-align: center;\"><span style=\"color: #ff0000;\">Oferecemos servi\u00e7o especializado direcionado para mudan\u00e7as comerciais, residencias e de industrias com materiais apropriados para embalagens (caixas de papel\u00e3o para documentos, arquivo morto, pl\u00e1sticos poli-bolha para computadores e eletronicos).<\/span><\/h2>\n<h2 style=\"text-align: center;\"><span style=\"color: #ff0000;\">Prepara\u00e7\u00e3o de log\u00edstica<\/span><\/h2>\n<h2 style=\"text-align: center;\"><span style=\"color: #ff0000;\">Atendendo a necessidade exigida na mudan\u00e7a comercial estudamos os horarios para coleta de entrega.<\/span><\/h2>\n<h2 style=\"text-align: center;\"><span style=\"color: #ff0000;\">Fornecimento antecipado de caixas e material de embalagem, para a prepara\u00e7\u00e3o da mudan\u00e7a pelo proprio cliente caso exista interesse.<\/span><\/h2>\n<h2><\/h2>\n<h2><\/h2>\n<h1 style=\"color: #000000;\"><\/h1>\n","protected":false},"excerpt":{"rendered":"<p>Mude com seguran\u00e7a e fique tranquilo com sua familia &nbsp; Oferecemos servi\u00e7o especializado direcionado para mudan\u00e7as comerciais, residencias e de industrias com materiais apropriados para embalagens (caixas de papel\u00e3o para documentos, arquivo morto, pl\u00e1sticos poli-bolha para computadores e eletronicos). Prepara\u00e7\u00e3o de log\u00edstica Atendendo a necessidade exigida na mudan\u00e7a comercial estudamos os horarios para coleta de [&hellip;]<\/p>\n","protected":false},"author":1,"featured_media":0,"parent":0,"menu_order":0,"comment_status":"closed","ping_status":"closed","template":"page-full_width.php","meta":[],"_links":{"self":[{"href":"https:\/\/www.afntransportes.com.br\/index.php?rest_route=\/wp\/v2\/pages\/13"}],"collection":[{"href":"https:\/\/www.afntransportes.com.br\/index.php?rest_route=\/wp\/v2\/pages"}],"about":[{"href":"https:\/\/www.afntransportes.com.br\/index.php?rest_route=\/wp\/v2\/types\/page"}],"author":[{"embeddable":true,"href":"https:\/\/www.afntransportes.com.br\/index.php?rest_route=\/wp\/v2\/users\/1"}],"replies":[{"embeddable":true,"href":"https:\/\/www.afntransportes.com.br\/index.php?rest_route=%2Fwp%2Fv2%2Fcomments&post=13"}],"version-history":[{"count":6,"href":"https:\/\/www.afntransportes.com.br\/index.php?rest_route=\/wp\/v2\/pages\/13\/revisions"}],"predecessor-version":[{"id":118,"href":"https:\/\/www.afntransportes.com.br\/index.php?rest_route=\/wp\/v2\/pages\/13\/revisions\/118"}],"wp:attachment":[{"href":"https:\/\/www.afntransportes.com.br\/index.php?rest_route=%2Fwp%2Fv2%2Fmedia&parent=13"}],"curies":[{"name":"wp","href":"https:\/\/api.w.org\/{rel}","templated":true}]}}